{"id":462,"date":"2021-11-11T02:19:40","date_gmt":"2021-11-11T02:19:40","guid":{"rendered":"https:\/\/skm20617.mywhc.ca\/formulaire-daccueil\/"},"modified":"2023-02-16T21:09:32","modified_gmt":"2023-02-16T21:09:32","slug":"formulaires-daccueil","status":"publish","type":"page","link":"https:\/\/guertinpoirierlaw.ca\/fr\/formulaires-daccueil\/","title":{"rendered":"Formulaires d&rsquo;accueil"},"content":{"rendered":"<p>Prenez de l&rsquo;avance en compl\u00e9tant un formulaire d&rsquo;accueil pour le service qui r\u00e9pond \u00e0 vos besoins.<\/p>\n<p>Choisissez l&rsquo;un de nos formulaires ci-dessous (ou <a href=\"https:\/\/guertinpoirierlaw.ca\/fr\/contactez-nous\/\">contactez-nous<\/a> si vous n&rsquo;\u00eates pas en mesure d&rsquo;acc\u00e9der \u00e0 nos formulaires \u00e9lectroniques).<\/p>\n<div class=\"grid-row\">\n<div class=\"grid-50\"><a href=\"https:\/\/guertinpoirierlaw.ca\/fr\/immobilieres\/formulaires-daccueil\/\"><img loading=\"lazy\" decoding=\"async\" class=\"alignnone size-full wp-image-1092\" style=\"padding-bottom: 1rem;\" src=\"https:\/\/guertinpoirierlaw.ca\/wp-content\/uploads\/2023\/02\/RE-intake-fr.png\" alt=\"\" width=\"458\" height=\"65\" \/><\/a><br \/>\nPour une transaction d&rsquo;achat ou de vente sans soucis, commencez par nous fournir l&rsquo;information demand\u00e9e dans ces formulaires.<\/div>\n<div class=\"grid-50\"><a href=\"https:\/\/guertinpoirierlaw.ca\/fr\/protection-successorale\/formulaire-daccueil\/\"><img loading=\"lazy\" decoding=\"async\" class=\"alignnone size-full wp-image-1095\" style=\"padding-bottom: 1rem;\" src=\"https:\/\/guertinpoirierlaw.ca\/wp-content\/uploads\/2021\/12\/will-intake-fr.png\" alt=\"\" width=\"458\" height=\"65\" srcset=\"https:\/\/guertinpoirierlaw.ca\/wp-content\/uploads\/2021\/12\/will-intake-fr.png 458w, https:\/\/guertinpoirierlaw.ca\/wp-content\/uploads\/2021\/12\/will-intake-fr-300x43.png 300w\" sizes=\"auto, (max-width: 458px) 100vw, 458px\" \/><\/a><br \/>\nPour vous assurer que nous r\u00e9digerons un testament et\/ou des procurations r\u00e9pondant \u00e0 vos besoins, commencez par nous fournir l&rsquo;information demand\u00e9e dans ce formulaire.<\/div>\n<\/div>\n","protected":false},"excerpt":{"rendered":"<p>Prenez de l&rsquo;avance en compl\u00e9tant un formulaire d&rsquo;accueil pour le service qui r\u00e9pond \u00e0 vos besoins. Choisissez l&rsquo;un de nos formulaires ci-dessous (ou contactez-nous si vous n&rsquo;\u00eates pas en mesure d&rsquo;acc\u00e9der \u00e0 nos formulaires \u00e9lectroniques). Pour une transaction d&rsquo;achat ou de vente sans soucis, commencez par nous fournir l&rsquo;information demand\u00e9e dans ces formulaires. Pour vous&#8230;  <a class=\"excerpt-read-more\" href=\"https:\/\/guertinpoirierlaw.ca\/fr\/formulaires-daccueil\/\" title=\"ReadFormulaires d&rsquo;accueil\">Read more &raquo;<\/a><\/p>\n","protected":false},"author":1,"featured_media":0,"parent":0,"menu_order":999,"comment_status":"closed","ping_status":"closed","template":"","meta":{"_acf_changed":false,"inline_featured_image":false,"footnotes":""},"class_list":["post-462","page","type-page","status-publish","hentry"],"acf":[],"_links":{"self":[{"href":"https:\/\/guertinpoirierlaw.ca\/fr\/wp-json\/wp\/v2\/pages\/462","targetHints":{"allow":["GET"]}}],"collection":[{"href":"https:\/\/guertinpoirierlaw.ca\/fr\/wp-json\/wp\/v2\/pages"}],"about":[{"href":"https:\/\/guertinpoirierlaw.ca\/fr\/wp-json\/wp\/v2\/types\/page"}],"author":[{"embeddable":true,"href":"https:\/\/guertinpoirierlaw.ca\/fr\/wp-json\/wp\/v2\/users\/1"}],"replies":[{"embeddable":true,"href":"https:\/\/guertinpoirierlaw.ca\/fr\/wp-json\/wp\/v2\/comments?post=462"}],"version-history":[{"count":17,"href":"https:\/\/guertinpoirierlaw.ca\/fr\/wp-json\/wp\/v2\/pages\/462\/revisions"}],"predecessor-version":[{"id":2209,"href":"https:\/\/guertinpoirierlaw.ca\/fr\/wp-json\/wp\/v2\/pages\/462\/revisions\/2209"}],"wp:attachment":[{"href":"https:\/\/guertinpoirierlaw.ca\/fr\/wp-json\/wp\/v2\/media?parent=462"}],"curies":[{"name":"wp","href":"https:\/\/api.w.org\/{rel}","templated":true}]}}