{"id":451,"date":"2021-11-11T02:08:14","date_gmt":"2021-11-11T02:08:14","guid":{"rendered":"https:\/\/skm20617.mywhc.ca\/a-propos\/equite-et-inclusivite\/"},"modified":"2022-01-18T01:38:19","modified_gmt":"2022-01-18T01:38:19","slug":"equite-et-inclusivite","status":"publish","type":"page","link":"https:\/\/guertinpoirierlaw.ca\/fr\/a-propos\/equite-et-inclusivite\/","title":{"rendered":"\u00c9quit\u00e9 et inclusivit\u00e9"},"content":{"rendered":"<p><img loading=\"lazy\" decoding=\"async\" class=\"alignright size-full wp-image-729\" src=\"https:\/\/guertinpoirierlaw.ca\/wp-content\/uploads\/2021\/11\/lgbt-pride-flag-redesign-hero-852x480-1.png\" alt=\"\" width=\"300\" height=\"169\" \/>Guertin Poirier Avocates\/Lawyers valorise l\u2019int\u00e9grit\u00e9, le respect, l\u2019honn\u00eatet\u00e9, la diligence et la communication ouverte. Notre contenu, notre culture, ainsi que nos communications et notre \u00e9quipe re\ufb02\u00e8tent notre engagement envers l\u2019\u00e9quit\u00e9, la diversit\u00e9 et l\u2019inclusion.<\/p>\n","protected":false},"excerpt":{"rendered":"<p>Guertin Poirier Avocates\/Lawyers valorise l\u2019int\u00e9grit\u00e9, le respect, l\u2019honn\u00eatet\u00e9, la diligence et la communication ouverte. Notre contenu, notre culture, ainsi que nos communications et notre \u00e9quipe re\ufb02\u00e8tent notre engagement envers l\u2019\u00e9quit\u00e9, la diversit\u00e9 et l\u2019inclusion.<\/p>\n","protected":false},"author":1,"featured_media":0,"parent":240,"menu_order":4,"comment_status":"closed","ping_status":"closed","template":"","meta":{"_acf_changed":false,"inline_featured_image":false,"footnotes":""},"class_list":["post-451","page","type-page","status-publish","hentry"],"acf":[],"_links":{"self":[{"href":"https:\/\/guertinpoirierlaw.ca\/fr\/wp-json\/wp\/v2\/pages\/451","targetHints":{"allow":["GET"]}}],"collection":[{"href":"https:\/\/guertinpoirierlaw.ca\/fr\/wp-json\/wp\/v2\/pages"}],"about":[{"href":"https:\/\/guertinpoirierlaw.ca\/fr\/wp-json\/wp\/v2\/types\/page"}],"author":[{"embeddable":true,"href":"https:\/\/guertinpoirierlaw.ca\/fr\/wp-json\/wp\/v2\/users\/1"}],"replies":[{"embeddable":true,"href":"https:\/\/guertinpoirierlaw.ca\/fr\/wp-json\/wp\/v2\/comments?post=451"}],"version-history":[{"count":7,"href":"https:\/\/guertinpoirierlaw.ca\/fr\/wp-json\/wp\/v2\/pages\/451\/revisions"}],"predecessor-version":[{"id":1248,"href":"https:\/\/guertinpoirierlaw.ca\/fr\/wp-json\/wp\/v2\/pages\/451\/revisions\/1248"}],"up":[{"embeddable":true,"href":"https:\/\/guertinpoirierlaw.ca\/fr\/wp-json\/wp\/v2\/pages\/240"}],"wp:attachment":[{"href":"https:\/\/guertinpoirierlaw.ca\/fr\/wp-json\/wp\/v2\/media?parent=451"}],"curies":[{"name":"wp","href":"https:\/\/api.w.org\/{rel}","templated":true}]}}