{"id":450,"date":"2021-11-11T02:07:43","date_gmt":"2021-11-11T02:07:43","guid":{"rendered":"https:\/\/skm20617.mywhc.ca\/a-propos\/notre-histoire\/"},"modified":"2022-01-18T12:55:05","modified_gmt":"2022-01-18T12:55:05","slug":"notre-histoire","status":"publish","type":"page","link":"https:\/\/guertinpoirierlaw.ca\/fr\/a-propos\/notre-histoire\/","title":{"rendered":"Notre histoire"},"content":{"rendered":"<p>Apr\u00e8s avoir travaill\u00e9 au sein du cabinet appartenu par son oncle et son p\u00e8re, Louis Guertin a \u00e9tabli le cabinet Guertin Law en 1987 avec l\u2019aide de sa conjointe, Julie Guertin. Leur \ufb01lle, <a href=\"https:\/\/guertinpoirierlaw.ca\/fr\/a-propos\/equipe\/\">Natalie<\/a>, joint l\u2019\u00e9quipe en 2009, suivie de <a href=\"https:\/\/guertinpoirierlaw.ca\/fr\/a-propos\/equipe\/\">Mich\u00e8le Poirier<\/a> en 2016.<\/p>\n<p>Depuis 2016, Natalie et Mich\u00e8le contribuent \u00e0 l\u2019avancement de la pratique. En 2021, elles sont devenues associ\u00e9es pour prendre en main le cabinet maintenant connu sous le nom de Guertin Poirier Avocates\/Lawyers. Elles continuent de servir \ufb01\u00e8rement les communaut\u00e9s anglophones et francophones d\u2019Ottawa et des environs.<\/p>\n","protected":false},"excerpt":{"rendered":"<p>Apr\u00e8s avoir travaill\u00e9 au sein du cabinet appartenu par son oncle et son p\u00e8re, Louis Guertin a \u00e9tabli le cabinet Guertin Law en 1987 avec l\u2019aide de sa conjointe, Julie Guertin. Leur \ufb01lle, Natalie, joint l\u2019\u00e9quipe en 2009, suivie de Mich\u00e8le Poirier en 2016. Depuis 2016, Natalie et Mich\u00e8le contribuent \u00e0 l\u2019avancement de la pratique&#8230;.  <a class=\"excerpt-read-more\" href=\"https:\/\/guertinpoirierlaw.ca\/fr\/a-propos\/notre-histoire\/\" title=\"ReadNotre histoire\">Read more &raquo;<\/a><\/p>\n","protected":false},"author":1,"featured_media":0,"parent":240,"menu_order":3,"comment_status":"closed","ping_status":"closed","template":"","meta":{"_acf_changed":false,"inline_featured_image":false,"footnotes":""},"class_list":["post-450","page","type-page","status-publish","hentry"],"acf":[],"_links":{"self":[{"href":"https:\/\/guertinpoirierlaw.ca\/fr\/wp-json\/wp\/v2\/pages\/450","targetHints":{"allow":["GET"]}}],"collection":[{"href":"https:\/\/guertinpoirierlaw.ca\/fr\/wp-json\/wp\/v2\/pages"}],"about":[{"href":"https:\/\/guertinpoirierlaw.ca\/fr\/wp-json\/wp\/v2\/types\/page"}],"author":[{"embeddable":true,"href":"https:\/\/guertinpoirierlaw.ca\/fr\/wp-json\/wp\/v2\/users\/1"}],"replies":[{"embeddable":true,"href":"https:\/\/guertinpoirierlaw.ca\/fr\/wp-json\/wp\/v2\/comments?post=450"}],"version-history":[{"count":5,"href":"https:\/\/guertinpoirierlaw.ca\/fr\/wp-json\/wp\/v2\/pages\/450\/revisions"}],"predecessor-version":[{"id":983,"href":"https:\/\/guertinpoirierlaw.ca\/fr\/wp-json\/wp\/v2\/pages\/450\/revisions\/983"}],"up":[{"embeddable":true,"href":"https:\/\/guertinpoirierlaw.ca\/fr\/wp-json\/wp\/v2\/pages\/240"}],"wp:attachment":[{"href":"https:\/\/guertinpoirierlaw.ca\/fr\/wp-json\/wp\/v2\/media?parent=450"}],"curies":[{"name":"wp","href":"https:\/\/api.w.org\/{rel}","templated":true}]}}