{"id":447,"date":"2021-11-11T02:05:17","date_gmt":"2021-11-11T02:05:17","guid":{"rendered":"https:\/\/skm20617.mywhc.ca\/frais\/services-de-notaire-ottawa\/"},"modified":"2021-11-23T01:49:13","modified_gmt":"2021-11-23T01:49:13","slug":"services-de-notaire-ottawa","status":"publish","type":"page","link":"https:\/\/guertinpoirierlaw.ca\/fr\/frais\/services-de-notaire-ottawa\/","title":{"rendered":"Services de notaire Ottawa"},"content":{"rendered":"<p>Chez Guertin Poirier, nous fournissons un service de notaire bilingue et exp\u00e9ditif au co\u00fbt de <strong>50.00$ par document<\/strong>, incluant (entre autres):<\/p>\n<ul>\n<li>d\u00e9clarations sous serment;<\/li>\n<li>a\ufb03rmations solennelles;<\/li>\n<li>copies certi\ufb01\u00e9es de documents originaux;<\/li>\n<li>a\ufb03davits;<\/li>\n<li>d\u00e9clarations statutaires;<\/li>\n<li>documents n\u00e9cessaires aux applications de visa, passeports, cartes de s\u00e9jour, voyages (lettres de consentement);<\/li>\n<li>etc.<\/li>\n<\/ul>\n<p><a href=\"https:\/\/guertinpoirierlaw.ca\/fr\/contactez-nous\/\">Contactez-nous<\/a> d\u00e8s maintenant pour tous vos besoins en service de notaire \u00e0 Ottawa, Ontario. Nos bureaux sont situ\u00e9s dans le quartier de Beechwood, pr\u00e8s de Vanier et Lowertown.<\/p>\n","protected":false},"excerpt":{"rendered":"<p>Chez Guertin Poirier, nous fournissons un service de notaire bilingue et exp\u00e9ditif au co\u00fbt de 50.00$ par document, incluant (entre autres): d\u00e9clarations sous serment; a\ufb03rmations solennelles; copies certi\ufb01\u00e9es de documents originaux; a\ufb03davits; d\u00e9clarations statutaires; documents n\u00e9cessaires aux applications de visa, passeports, cartes de s\u00e9jour, voyages (lettres de consentement); etc. Contactez-nous d\u00e8s maintenant pour tous vos&#8230;  <a class=\"excerpt-read-more\" href=\"https:\/\/guertinpoirierlaw.ca\/fr\/frais\/services-de-notaire-ottawa\/\" title=\"ReadServices de notaire Ottawa\">Read more &raquo;<\/a><\/p>\n","protected":false},"author":1,"featured_media":0,"parent":236,"menu_order":2,"comment_status":"closed","ping_status":"closed","template":"","meta":{"_acf_changed":false,"inline_featured_image":false,"footnotes":""},"class_list":["post-447","page","type-page","status-publish","hentry"],"acf":[],"_links":{"self":[{"href":"https:\/\/guertinpoirierlaw.ca\/fr\/wp-json\/wp\/v2\/pages\/447","targetHints":{"allow":["GET"]}}],"collection":[{"href":"https:\/\/guertinpoirierlaw.ca\/fr\/wp-json\/wp\/v2\/pages"}],"about":[{"href":"https:\/\/guertinpoirierlaw.ca\/fr\/wp-json\/wp\/v2\/types\/page"}],"author":[{"embeddable":true,"href":"https:\/\/guertinpoirierlaw.ca\/fr\/wp-json\/wp\/v2\/users\/1"}],"replies":[{"embeddable":true,"href":"https:\/\/guertinpoirierlaw.ca\/fr\/wp-json\/wp\/v2\/comments?post=447"}],"version-history":[{"count":5,"href":"https:\/\/guertinpoirierlaw.ca\/fr\/wp-json\/wp\/v2\/pages\/447\/revisions"}],"predecessor-version":[{"id":691,"href":"https:\/\/guertinpoirierlaw.ca\/fr\/wp-json\/wp\/v2\/pages\/447\/revisions\/691"}],"up":[{"embeddable":true,"href":"https:\/\/guertinpoirierlaw.ca\/fr\/wp-json\/wp\/v2\/pages\/236"}],"wp:attachment":[{"href":"https:\/\/guertinpoirierlaw.ca\/fr\/wp-json\/wp\/v2\/media?parent=447"}],"curies":[{"name":"wp","href":"https:\/\/api.w.org\/{rel}","templated":true}]}}