{"id":238,"date":"2021-11-03T01:01:58","date_gmt":"2021-11-03T01:01:58","guid":{"rendered":"http:\/\/gp\/?page_id=238"},"modified":"2022-01-19T15:35:17","modified_gmt":"2022-01-19T15:35:17","slug":"ressources","status":"publish","type":"page","link":"https:\/\/guertinpoirierlaw.ca\/fr\/ressources\/","title":{"rendered":"Ressources"},"content":{"rendered":"<p>Que vous soyez sur le point de compl\u00e9ter un achat, une vente, ou un re\ufb01nancement de propri\u00e9t\u00e9 en Ontario, apprenez-en sur les transactions immobili\u00e8res r\u00e9sidentielles \u00e0 partir de ces ressources gratuites.<\/p>\n","protected":false},"excerpt":{"rendered":"<p>Que vous soyez sur le point de compl\u00e9ter un achat, une vente, ou un re\ufb01nancement de propri\u00e9t\u00e9 en Ontario, apprenez-en sur les transactions immobili\u00e8res r\u00e9sidentielles \u00e0 partir de ces ressources gratuites.<\/p>\n","protected":false},"author":1,"featured_media":0,"parent":0,"menu_order":4,"comment_status":"closed","ping_status":"closed","template":"page-resources.php","meta":{"_acf_changed":false,"inline_featured_image":false,"footnotes":""},"class_list":["post-238","page","type-page","status-publish","hentry"],"acf":[],"_links":{"self":[{"href":"https:\/\/guertinpoirierlaw.ca\/fr\/wp-json\/wp\/v2\/pages\/238","targetHints":{"allow":["GET"]}}],"collection":[{"href":"https:\/\/guertinpoirierlaw.ca\/fr\/wp-json\/wp\/v2\/pages"}],"about":[{"href":"https:\/\/guertinpoirierlaw.ca\/fr\/wp-json\/wp\/v2\/types\/page"}],"author":[{"embeddable":true,"href":"https:\/\/guertinpoirierlaw.ca\/fr\/wp-json\/wp\/v2\/users\/1"}],"replies":[{"embeddable":true,"href":"https:\/\/guertinpoirierlaw.ca\/fr\/wp-json\/wp\/v2\/comments?post=238"}],"version-history":[{"count":7,"href":"https:\/\/guertinpoirierlaw.ca\/fr\/wp-json\/wp\/v2\/pages\/238\/revisions"}],"predecessor-version":[{"id":647,"href":"https:\/\/guertinpoirierlaw.ca\/fr\/wp-json\/wp\/v2\/pages\/238\/revisions\/647"}],"wp:attachment":[{"href":"https:\/\/guertinpoirierlaw.ca\/fr\/wp-json\/wp\/v2\/media?parent=238"}],"curies":[{"name":"wp","href":"https:\/\/api.w.org\/{rel}","templated":true}]}}