{"id":236,"date":"2021-11-03T01:01:19","date_gmt":"2021-11-03T01:01:19","guid":{"rendered":"http:\/\/gp\/?page_id=236"},"modified":"2025-01-02T18:03:42","modified_gmt":"2025-01-02T18:03:42","slug":"frais","status":"publish","type":"page","link":"https:\/\/guertinpoirierlaw.ca\/fr\/frais\/","title":{"rendered":"Frais &#038; Rabais"},"content":{"rendered":"<p>Notre porte sera ouverte tout au long du processus, et ce pour le prix indiqu\u00e9*. Tous nos frais sont assujettis \u00e0 la taxe de vente harmonis\u00e9e (TVH) de 13%.<\/p>\n<div class=\"table-wrapper\">\n<table>\n<tbody>\n<tr>\n<th>Achat de propri\u00e9t\u00e9<br \/>\n(jusqu\u2019\u00e0 une hypoth\u00e8que)<\/th>\n<td>1,095$ &#8211; Propri\u00e9t\u00e9 nouvellement construite<br \/>\n1,295$ &#8211; Propri\u00e9t\u00e9 de revente<br \/>\n1,695$ &#8211; Propri\u00e9t\u00e9 de location (jusqu\u2019\u00e0 deux unit\u00e9s)<br \/>\n+Frais de d\u00e9bours de 400$**<br \/>\n<em>Rabais de 100$ aux premiers acheteurs.<\/em><\/td>\n<\/tr>\n<tr>\n<th>Vente de propri\u00e9t\u00e9<\/th>\n<td>1,095$<br \/>\n+ Frais de d\u00e9bours de 300$**<\/td>\n<\/tr>\n<tr>\n<th>Re\ufb01nancement<\/th>\n<td>1,195$<br \/>\n+ Frais de d\u00e9bours de 300$**<\/td>\n<\/tr>\n<tr>\n<th>Transfert de titre<\/th>\n<td>895$<br \/>\n+ Frais de d\u00e9bours de 300$**<\/td>\n<\/tr>\n<tr>\n<th>R\u00e9daction de Convention d\u2019Achat-Vente priv\u00e9e<br \/>\n(c.-\u00e0-d. sans l\u2019aide d\u2019agents)<\/th>\n<td>495$<\/td>\n<\/tr>\n<tr>\n<th>Quittance<\/th>\n<td>295$<\/td>\n<\/tr>\n<tr>\n<th>Demande de droit de survie<\/th>\n<td>895$<br \/>\n+ Frais de d\u00e9bours de 300$**<\/td>\n<\/tr>\n<tr>\n<th>Consultation l\u00e9gale ind\u00e9pendante<\/th>\n<td>395$ (avis l\u00e9gal ind\u00e9pendant)<br \/>\n495$ (repr\u00e9sentation l\u00e9gale ind\u00e9pendante)<\/td>\n<\/tr>\n<tr>\n<th>Testaments et procurations<br \/>\n(forfait)<\/th>\n<td>795$ (deux personnes)<br \/>\n695$ (une personne)<br \/>\n<em>Rabais de 100$ aux clients ayant conclu une transaction immobili\u00e8re avec nous au cours des trois derniers mois.<\/em><\/td>\n<\/tr>\n<tr>\n<th>Procuration<br \/>\n(document unique)<\/th>\n<td>295$<\/td>\n<\/tr>\n<tr>\n<th>Homologation<\/th>\n<td>1,595$<br \/>\n+ Frais de d\u00e9bours de 200$**<\/td>\n<\/tr>\n<tr>\n<th>Services de notaire ou de commissaire aux serments<\/th>\n<td>50$ (par document)<\/td>\n<\/tr>\n<\/tbody>\n<\/table>\n<\/div>\n<p>*Nos frais ne couvrent pas les droits de cession immobili\u00e8re, l\u2019assurance titre, l\u2019obtention de certi\ufb01cat de statut (Status Certi\ufb01cate), les frais d\u2019enregistrement, ou tous autres frais impos\u00e9s par une tierce partie. <strong>Veuillez contacter notre bureau pour un estim\u00e9 gratuit et garanti de tous vos frais de cl\u00f4ture. <\/strong>Il arrive \u00e0 l\u2019occasion qu\u2019un dossier se complique en raison de circonstances impr\u00e9vues. Si votre dossier n\u00e9cessite un montant d\u2019e\ufb00ort qui surpasse la port\u00e9e de nos frais, nous vous aviserons de tous frais additionnels avant de proc\u00e9der.<\/p>\n<p>**Nos frais de d\u00e9bours \ufb01xes couvrent les co\u00fbts et d\u00e9penses suivantes: la recherche de titre, les brefs d\u2019ex\u00e9cution, les services de courrier, les traites bancaires ou ch\u00e8ques certi\ufb01\u00e9s, les communications par facsimil\u00e9, les photocopies, les frais d\u2019affranchissement, les appels interurbains, et les pr\u00e9l\u00e8vements du Barreau (applicables aux ventes).<\/p>\n","protected":false},"excerpt":{"rendered":"<p>Que ce soit votre premi\u00e8re ou cinqui\u00e8me transaction, vous paierez les frais suivants avec nous.<\/p>\n","protected":false},"author":1,"featured_media":0,"parent":0,"menu_order":3,"comment_status":"closed","ping_status":"closed","template":"","meta":{"_acf_changed":false,"inline_featured_image":false,"footnotes":""},"class_list":["post-236","page","type-page","status-publish","hentry"],"acf":[],"_links":{"self":[{"href":"https:\/\/guertinpoirierlaw.ca\/fr\/wp-json\/wp\/v2\/pages\/236","targetHints":{"allow":["GET"]}}],"collection":[{"href":"https:\/\/guertinpoirierlaw.ca\/fr\/wp-json\/wp\/v2\/pages"}],"about":[{"href":"https:\/\/guertinpoirierlaw.ca\/fr\/wp-json\/wp\/v2\/types\/page"}],"author":[{"embeddable":true,"href":"https:\/\/guertinpoirierlaw.ca\/fr\/wp-json\/wp\/v2\/users\/1"}],"replies":[{"embeddable":true,"href":"https:\/\/guertinpoirierlaw.ca\/fr\/wp-json\/wp\/v2\/comments?post=236"}],"version-history":[{"count":14,"href":"https:\/\/guertinpoirierlaw.ca\/fr\/wp-json\/wp\/v2\/pages\/236\/revisions"}],"predecessor-version":[{"id":2469,"href":"https:\/\/guertinpoirierlaw.ca\/fr\/wp-json\/wp\/v2\/pages\/236\/revisions\/2469"}],"wp:attachment":[{"href":"https:\/\/guertinpoirierlaw.ca\/fr\/wp-json\/wp\/v2\/media?parent=236"}],"curies":[{"name":"wp","href":"https:\/\/api.w.org\/{rel}","templated":true}]}}