{"id":234,"date":"2021-11-03T01:00:31","date_gmt":"2021-11-03T01:00:31","guid":{"rendered":"http:\/\/gp\/?page_id=234"},"modified":"2021-12-07T19:29:20","modified_gmt":"2021-12-07T19:29:20","slug":"protection-successorale","status":"publish","type":"page","link":"https:\/\/guertinpoirierlaw.ca\/fr\/protection-successorale\/","title":{"rendered":"Planification successorale"},"content":{"rendered":"<p>Nous travaillerons avec vous \u00e0 la plani\ufb01cation de votre succession, en passant par la nomination de \ufb01duciaires testamentaires, la pr\u00e9servation de vos actifs, la protection contre les cr\u00e9anciers, les l\u00e8gues de patrimoine, les \ufb01ducies, et autres.<\/p>\n<p>Nous o\ufb00rons un prix \ufb01xe pour les services de plani\ufb01cation successorale suivants:<\/p>\n<ul>\n<li>Testaments et procurations Ottawa<\/li>\n<li>Demandes de droits de survie\/Transferts au nom d\u2019une succession<\/li>\n<li>Homologations de successions; un service qui vient en aide aux \ufb01duciaires testamentaires<\/li>\n<\/ul>\n","protected":false},"excerpt":{"rendered":"<p>La plani\ufb01cation successorale est une d\u00e9marche n\u00e9cessaire si vous d\u00e9sirez vous assurer que vos h\u00e9ritiers jouiront des meilleurs avantages \ufb01scaux possibles tout en prot\u00e9geant vos pr\u00e9cieux actifs apr\u00e8s votre d\u00e9c\u00e8s.<\/p>\n","protected":false},"author":1,"featured_media":0,"parent":0,"menu_order":2,"comment_status":"closed","ping_status":"closed","template":"page-ads.php","meta":{"_acf_changed":false,"inline_featured_image":false,"footnotes":""},"class_list":["post-234","page","type-page","status-publish","hentry"],"acf":[],"_links":{"self":[{"href":"https:\/\/guertinpoirierlaw.ca\/fr\/wp-json\/wp\/v2\/pages\/234","targetHints":{"allow":["GET"]}}],"collection":[{"href":"https:\/\/guertinpoirierlaw.ca\/fr\/wp-json\/wp\/v2\/pages"}],"about":[{"href":"https:\/\/guertinpoirierlaw.ca\/fr\/wp-json\/wp\/v2\/types\/page"}],"author":[{"embeddable":true,"href":"https:\/\/guertinpoirierlaw.ca\/fr\/wp-json\/wp\/v2\/users\/1"}],"replies":[{"embeddable":true,"href":"https:\/\/guertinpoirierlaw.ca\/fr\/wp-json\/wp\/v2\/comments?post=234"}],"version-history":[{"count":13,"href":"https:\/\/guertinpoirierlaw.ca\/fr\/wp-json\/wp\/v2\/pages\/234\/revisions"}],"predecessor-version":[{"id":921,"href":"https:\/\/guertinpoirierlaw.ca\/fr\/wp-json\/wp\/v2\/pages\/234\/revisions\/921"}],"wp:attachment":[{"href":"https:\/\/guertinpoirierlaw.ca\/fr\/wp-json\/wp\/v2\/media?parent=234"}],"curies":[{"name":"wp","href":"https:\/\/api.w.org\/{rel}","templated":true}]}}