{"id":232,"date":"2021-11-03T00:59:34","date_gmt":"2021-11-03T00:59:34","guid":{"rendered":"http:\/\/gp\/?page_id=232"},"modified":"2021-12-07T19:28:17","modified_gmt":"2021-12-07T19:28:17","slug":"immobilieres","status":"publish","type":"page","link":"https:\/\/guertinpoirierlaw.ca\/fr\/immobilieres\/","title":{"rendered":"Transactions immobili\u00e8res"},"content":{"rendered":"<p>Chez Guertin Poirier, nous nous e\ufb00or\u00e7ons de rendre cette exp\u00e9rience aussi simple que possible pour vous tout en gardant vos int\u00e9r\u00eats \u00e0 coeur.<\/p>\n<p>En tant que vos avocates en droit immobilier pour la province de l\u2019Ontario, nous pr\u00e9parerons les documents et r\u00e9unirons les parties n\u00e9cessaires pour une cl\u00f4ture r\u00e9ussie de votre transaction.<\/p>\n<p>En termes g\u00e9n\u00e9raux, nous nous acquitterons des t\u00e2ches suivantes (l\u00e0 o\u00f9 applicable):<\/p>\n","protected":false},"excerpt":{"rendered":"<p>L\u2019achat, la vente, ou le re\ufb01nancement d\u2019une propri\u00e9t\u00e9 est un \u00e9v\u00e8nement marquant.<\/p>\n","protected":false},"author":1,"featured_media":0,"parent":0,"menu_order":1,"comment_status":"closed","ping_status":"closed","template":"page-ads.php","meta":{"_acf_changed":false,"inline_featured_image":false,"footnotes":""},"class_list":["post-232","page","type-page","status-publish","hentry"],"acf":[],"_links":{"self":[{"href":"https:\/\/guertinpoirierlaw.ca\/fr\/wp-json\/wp\/v2\/pages\/232","targetHints":{"allow":["GET"]}}],"collection":[{"href":"https:\/\/guertinpoirierlaw.ca\/fr\/wp-json\/wp\/v2\/pages"}],"about":[{"href":"https:\/\/guertinpoirierlaw.ca\/fr\/wp-json\/wp\/v2\/types\/page"}],"author":[{"embeddable":true,"href":"https:\/\/guertinpoirierlaw.ca\/fr\/wp-json\/wp\/v2\/users\/1"}],"replies":[{"embeddable":true,"href":"https:\/\/guertinpoirierlaw.ca\/fr\/wp-json\/wp\/v2\/comments?post=232"}],"version-history":[{"count":11,"href":"https:\/\/guertinpoirierlaw.ca\/fr\/wp-json\/wp\/v2\/pages\/232\/revisions"}],"predecessor-version":[{"id":920,"href":"https:\/\/guertinpoirierlaw.ca\/fr\/wp-json\/wp\/v2\/pages\/232\/revisions\/920"}],"wp:attachment":[{"href":"https:\/\/guertinpoirierlaw.ca\/fr\/wp-json\/wp\/v2\/media?parent=232"}],"curies":[{"name":"wp","href":"https:\/\/api.w.org\/{rel}","templated":true}]}}