{"id":2051,"date":"2022-12-07T20:40:32","date_gmt":"2022-12-07T20:40:32","guid":{"rendered":"https:\/\/guertinpoirierlaw.ca\/?page_id=2051"},"modified":"2023-01-23T17:17:04","modified_gmt":"2023-01-23T17:17:04","slug":"formulaires-daccueil","status":"publish","type":"page","link":"https:\/\/guertinpoirierlaw.ca\/fr\/protection-successorale\/formulaires-daccueil\/","title":{"rendered":"Formulaires d&rsquo;accueil"},"content":{"rendered":"<p>Prenez de l&rsquo;avance en compl\u00e9tant un formulaire d&rsquo;accueil pour le service qui r\u00e9pond \u00e0 vos besoins.<\/p>\n<p>Choisissez l&rsquo;un de nos formulaires ci-dessous (ou <a href=\"https:\/\/guertinpoirierlaw.ca\/fr\/contactez-nous\/\">contactez-nous<\/a> si vous n&rsquo;\u00eates pas en mesure d&rsquo;acc\u00e9der \u00e0 nos formulaires \u00e9lectroniques).<\/p>\n<div class=\"grid-row\" style=\"gap: 20px;\">\n<div><a href=\"\/fr\/protection-successorale\/forfait-de-couples\/\"><img loading=\"lazy\" decoding=\"async\" src=\"https:\/\/guertinpoirierlaw.ca\/wp-content\/uploads\/2022\/12\/button-Forfait-de-couples-300x60.png\" alt=\"\" width=\"300\" height=\"60\" class=\"alignnone size-medium wp-image-2069\" srcset=\"https:\/\/guertinpoirierlaw.ca\/wp-content\/uploads\/2022\/12\/button-Forfait-de-couples-300x60.png 300w, https:\/\/guertinpoirierlaw.ca\/wp-content\/uploads\/2022\/12\/button-Forfait-de-couples.png 327w\" sizes=\"auto, (max-width: 300px) 100vw, 300px\" \/><\/a><\/div>\n<div><a href=\"\/fr\/protection-successorale\/forfait-individuel\/\"><img loading=\"lazy\" decoding=\"async\" src=\"https:\/\/guertinpoirierlaw.ca\/wp-content\/uploads\/2022\/12\/button-Forfait-individuel-300x62.png\" alt=\"\" width=\"300\" height=\"62\" class=\"alignnone size-medium wp-image-2073\" srcset=\"https:\/\/guertinpoirierlaw.ca\/wp-content\/uploads\/2022\/12\/button-Forfait-individuel-300x62.png 300w, https:\/\/guertinpoirierlaw.ca\/wp-content\/uploads\/2022\/12\/button-Forfait-individuel.png 315w\" sizes=\"auto, (max-width: 300px) 100vw, 300px\" \/><\/a><\/div>\n<\/div>\n","protected":false},"excerpt":{"rendered":"<p>Prenez de l&rsquo;avance en compl\u00e9tant un formulaire d&rsquo;accueil pour le service qui r\u00e9pond \u00e0 vos besoins. Choisissez l&rsquo;un de nos formulaires ci-dessous (ou contactez-nous si vous n&rsquo;\u00eates pas en mesure d&rsquo;acc\u00e9der \u00e0 nos formulaires \u00e9lectroniques).<\/p>\n","protected":false},"author":1,"featured_media":0,"parent":234,"menu_order":0,"comment_status":"closed","ping_status":"closed","template":"","meta":{"_acf_changed":false,"inline_featured_image":false,"footnotes":""},"class_list":["post-2051","page","type-page","status-publish","hentry"],"acf":[],"_links":{"self":[{"href":"https:\/\/guertinpoirierlaw.ca\/fr\/wp-json\/wp\/v2\/pages\/2051","targetHints":{"allow":["GET"]}}],"collection":[{"href":"https:\/\/guertinpoirierlaw.ca\/fr\/wp-json\/wp\/v2\/pages"}],"about":[{"href":"https:\/\/guertinpoirierlaw.ca\/fr\/wp-json\/wp\/v2\/types\/page"}],"author":[{"embeddable":true,"href":"https:\/\/guertinpoirierlaw.ca\/fr\/wp-json\/wp\/v2\/users\/1"}],"replies":[{"embeddable":true,"href":"https:\/\/guertinpoirierlaw.ca\/fr\/wp-json\/wp\/v2\/comments?post=2051"}],"version-history":[{"count":7,"href":"https:\/\/guertinpoirierlaw.ca\/fr\/wp-json\/wp\/v2\/pages\/2051\/revisions"}],"predecessor-version":[{"id":2147,"href":"https:\/\/guertinpoirierlaw.ca\/fr\/wp-json\/wp\/v2\/pages\/2051\/revisions\/2147"}],"up":[{"embeddable":true,"href":"https:\/\/guertinpoirierlaw.ca\/fr\/wp-json\/wp\/v2\/pages\/234"}],"wp:attachment":[{"href":"https:\/\/guertinpoirierlaw.ca\/fr\/wp-json\/wp\/v2\/media?parent=2051"}],"curies":[{"name":"wp","href":"https:\/\/api.w.org\/{rel}","templated":true}]}}