{"id":1065,"date":"2021-12-13T01:32:50","date_gmt":"2021-12-13T01:32:50","guid":{"rendered":"https:\/\/skm20617.mywhc.ca\/?page_id=1065"},"modified":"2021-12-21T17:16:40","modified_gmt":"2021-12-21T17:16:40","slug":"formulaires-daccueil","status":"publish","type":"page","link":"https:\/\/guertinpoirierlaw.ca\/fr\/immobilieres\/formulaires-daccueil\/","title":{"rendered":"Formulaires d&rsquo;accueil"},"content":{"rendered":"<p>Prenez de l&rsquo;avance en compl\u00e9tant un formulaire d&rsquo;accueil pour le service qui r\u00e9pond \u00e0 vos besoins.<\/p>\n<p>Choisissez l&rsquo;un de nos formulaires ci-dessous (ou <a href=\"https:\/\/guertinpoirierlaw.ca\/fr\/contactez-nous\/\">contactez-nous<\/a> si vous n&rsquo;\u00eates pas en mesure d&rsquo;acc\u00e9der \u00e0 nos formulaires \u00e9lectroniques).<\/p>\n<div class=\"grid-row\" style=\"gap: 20px;\">\n<div><a href=\"https:\/\/guertinpoirierlaw.ca\/fr\/immobilieres\/formulaire-daccueil-transaction-dachat\/\"><img loading=\"lazy\" decoding=\"async\" src=\"https:\/\/guertinpoirierlaw.ca\/wp-content\/uploads\/2021\/12\/button-Formulaire-daccueil-Transaction-dachat.png\" alt=\"\" width=\"354\" height=\"65\" class=\"alignnone size-full wp-image-1081\" style=\"margin-bottom: 1rem;\" srcset=\"https:\/\/guertinpoirierlaw.ca\/wp-content\/uploads\/2021\/12\/button-Formulaire-daccueil-Transaction-dachat.png 354w, https:\/\/guertinpoirierlaw.ca\/wp-content\/uploads\/2021\/12\/button-Formulaire-daccueil-Transaction-dachat-300x55.png 300w\" sizes=\"auto, (max-width: 354px) 100vw, 354px\" \/><\/a><\/div>\n<div><a href=\"https:\/\/guertinpoirierlaw.ca\/fr\/immobilieres\/formulaire-daccueil-transaction-de-vente\/\"><img loading=\"lazy\" decoding=\"async\" src=\"https:\/\/guertinpoirierlaw.ca\/wp-content\/uploads\/2021\/12\/button-Formulaire-daccueil-Transaction-de-vente.png\" alt=\"\" width=\"354\" height=\"65\" class=\"alignnone size-full wp-image-1077\" style=\"margin-bottom: 1rem;\" srcset=\"https:\/\/guertinpoirierlaw.ca\/wp-content\/uploads\/2021\/12\/button-Formulaire-daccueil-Transaction-de-vente.png 354w, https:\/\/guertinpoirierlaw.ca\/wp-content\/uploads\/2021\/12\/button-Formulaire-daccueil-Transaction-de-vente-300x55.png 300w\" sizes=\"auto, (max-width: 354px) 100vw, 354px\" \/><\/a><\/div>\n<div><a href=\"https:\/\/guertinpoirierlaw.ca\/fr\/immobilieres\/formulaire-daccueil-refinancement\/\"><img loading=\"lazy\" decoding=\"async\" src=\"https:\/\/guertinpoirierlaw.ca\/wp-content\/uploads\/2021\/12\/button-Formulaire-daccueil-Refinancement.png\" alt=\"\" width=\"354\" height=\"65\" class=\"alignnone size-full wp-image-1079\" style=\"margin-bottom: 1rem;\" srcset=\"https:\/\/guertinpoirierlaw.ca\/wp-content\/uploads\/2021\/12\/button-Formulaire-daccueil-Refinancement.png 354w, https:\/\/guertinpoirierlaw.ca\/wp-content\/uploads\/2021\/12\/button-Formulaire-daccueil-Refinancement-300x55.png 300w\" sizes=\"auto, (max-width: 354px) 100vw, 354px\" \/><\/a><\/div>\n<\/div>\n","protected":false},"excerpt":{"rendered":"<p>Prenez de l&rsquo;avance en compl\u00e9tant un formulaire d&rsquo;accueil pour le service qui r\u00e9pond \u00e0 vos besoins. Choisissez l&rsquo;un de nos formulaires ci-dessous (ou contactez-nous si vous n&rsquo;\u00eates pas en mesure d&rsquo;acc\u00e9der \u00e0 nos formulaires \u00e9lectroniques).<\/p>\n","protected":false},"author":1,"featured_media":0,"parent":232,"menu_order":999,"comment_status":"closed","ping_status":"closed","template":"","meta":{"_acf_changed":false,"inline_featured_image":false,"footnotes":""},"class_list":["post-1065","page","type-page","status-publish","hentry"],"acf":[],"_links":{"self":[{"href":"https:\/\/guertinpoirierlaw.ca\/fr\/wp-json\/wp\/v2\/pages\/1065","targetHints":{"allow":["GET"]}}],"collection":[{"href":"https:\/\/guertinpoirierlaw.ca\/fr\/wp-json\/wp\/v2\/pages"}],"about":[{"href":"https:\/\/guertinpoirierlaw.ca\/fr\/wp-json\/wp\/v2\/types\/page"}],"author":[{"embeddable":true,"href":"https:\/\/guertinpoirierlaw.ca\/fr\/wp-json\/wp\/v2\/users\/1"}],"replies":[{"embeddable":true,"href":"https:\/\/guertinpoirierlaw.ca\/fr\/wp-json\/wp\/v2\/comments?post=1065"}],"version-history":[{"count":8,"href":"https:\/\/guertinpoirierlaw.ca\/fr\/wp-json\/wp\/v2\/pages\/1065\/revisions"}],"predecessor-version":[{"id":1175,"href":"https:\/\/guertinpoirierlaw.ca\/fr\/wp-json\/wp\/v2\/pages\/1065\/revisions\/1175"}],"up":[{"embeddable":true,"href":"https:\/\/guertinpoirierlaw.ca\/fr\/wp-json\/wp\/v2\/pages\/232"}],"wp:attachment":[{"href":"https:\/\/guertinpoirierlaw.ca\/fr\/wp-json\/wp\/v2\/media?parent=1065"}],"curies":[{"name":"wp","href":"https:\/\/api.w.org\/{rel}","templated":true}]}}